{"id":5255,"date":"2022-02-08T15:37:26","date_gmt":"2022-02-08T14:37:26","guid":{"rendered":"https:\/\/www.orglmeister.de\/loeschen-mit-pyrosmart\/"},"modified":"2024-01-31T14:07:08","modified_gmt":"2024-01-31T13:07:08","slug":"sistema-de-extincion-con-pyrosmart","status":"publish","type":"page","link":"https:\/\/www.orglmeister.de\/es\/sistema-de-extincion-con-pyrosmart\/","title":{"rendered":"Extinci\u00f3n con PYROsmart\u00ae"},"content":{"rendered":"","protected":false},"excerpt":{"rendered":"","protected":false},"author":5,"featured_media":0,"parent":0,"menu_order":0,"comment_status":"closed","ping_status":"closed","template":"","meta":{"_acf_changed":false,"footnotes":""},"class_list":["post-5255","page","type-page","status-publish","hentry"],"acf":[],"yoast_head":"<!-- This site is optimized with the Yoast SEO plugin v27.2 - https:\/\/yoast.com\/product\/yoast-seo-wordpress\/ -->\n<title>Extinci\u00f3n con PYROsmart\u00ae | Sistema de extinci\u00f3n | ORGLMEISTER | Orglmeister Brandschutz GmbH &amp; Co. KG<\/title>\n<meta name=\"description\" content=\"PYROsmart\u00ae proporciona un control inteligente de un sistema de extinci\u00f3n que incluya, por ejemplo, ca\u00f1ones de extinci\u00f3n...\" \/>\n<meta name=\"robots\" content=\"index, follow, max-snippet:-1, max-image-preview:large, max-video-preview:-1\" \/>\n<link rel=\"canonical\" href=\"https:\/\/www.orglmeister.de\/es\/sistema-de-extincion-con-pyrosmart\/\" \/>\n<meta property=\"og:locale\" content=\"es_ES\" \/>\n<meta property=\"og:type\" content=\"article\" \/>\n<meta property=\"og:title\" content=\"Extinci\u00f3n con PYROsmart\u00ae | Sistema de extinci\u00f3n | ORGLMEISTER\" \/>\n<meta property=\"og:description\" content=\"PYROsmart\u00ae proporciona un control inteligente de un sistema de extinci\u00f3n que incluya, por ejemplo, ca\u00f1ones de extinci\u00f3n...\" \/>\n<meta property=\"og:url\" content=\"https:\/\/www.orglmeister.de\/es\/sistema-de-extincion-con-pyrosmart\/\" \/>\n<meta property=\"og:site_name\" content=\"Orglmeister Brandschutz GmbH &amp; Co. KG\" \/>\n<meta property=\"article:modified_time\" content=\"2024-01-31T13:07:08+00:00\" \/>\n<meta name=\"twitter:card\" content=\"summary_large_image\" \/>\n<meta name=\"twitter:label1\" content=\"Tiempo de lectura\" \/>\n\t<meta name=\"twitter:data1\" content=\"7 minutos\" \/>\n<script type=\"application\/ld+json\" class=\"yoast-schema-graph\">{\"@context\":\"https:\/\/schema.org\",\"@graph\":[{\"@type\":\"WebPage\",\"@id\":\"https:\/\/www.orglmeister.de\/es\/sistema-de-extincion-con-pyrosmart\/\",\"url\":\"https:\/\/www.orglmeister.de\/es\/sistema-de-extincion-con-pyrosmart\/\",\"name\":\"Extinci\u00f3n con PYROsmart\u00ae | Sistema de extinci\u00f3n | ORGLMEISTER\",\"isPartOf\":{\"@id\":\"https:\/\/www.orglmeister.de\/es\/#website\"},\"datePublished\":\"2022-02-08T14:37:26+00:00\",\"dateModified\":\"2024-01-31T13:07:08+00:00\",\"description\":\"PYROsmart\u00ae proporciona un control inteligente de un sistema de extinci\u00f3n que incluya, por ejemplo, ca\u00f1ones de extinci\u00f3n...\",\"breadcrumb\":{\"@id\":\"https:\/\/www.orglmeister.de\/es\/sistema-de-extincion-con-pyrosmart\/#breadcrumb\"},\"inLanguage\":\"es\",\"potentialAction\":[{\"@type\":\"ReadAction\",\"target\":[\"https:\/\/www.orglmeister.de\/es\/sistema-de-extincion-con-pyrosmart\/\"]}]},{\"@type\":\"BreadcrumbList\",\"@id\":\"https:\/\/www.orglmeister.de\/es\/sistema-de-extincion-con-pyrosmart\/#breadcrumb\",\"itemListElement\":[{\"@type\":\"ListItem\",\"position\":1,\"name\":\"Startseite\",\"item\":\"https:\/\/www.orglmeister.de\/es\/\"},{\"@type\":\"ListItem\",\"position\":2,\"name\":\"Extinci\u00f3n con PYROsmart\u00ae\"}]},{\"@type\":\"WebSite\",\"@id\":\"https:\/\/www.orglmeister.de\/es\/#website\",\"url\":\"https:\/\/www.orglmeister.de\/es\/\",\"name\":\"Orglmeister Brandschutz GmbH &amp; Co. KG\",\"description\":\"Wir verhindern Br\u00e4nde - autonom, intelligent, zuverl\u00e4ssig\",\"publisher\":{\"@id\":\"https:\/\/www.orglmeister.de\/es\/#organization\"},\"potentialAction\":[{\"@type\":\"SearchAction\",\"target\":{\"@type\":\"EntryPoint\",\"urlTemplate\":\"https:\/\/www.orglmeister.de\/es\/?s={search_term_string}\"},\"query-input\":{\"@type\":\"PropertyValueSpecification\",\"valueRequired\":true,\"valueName\":\"search_term_string\"}}],\"inLanguage\":\"es\"},{\"@type\":\"Organization\",\"@id\":\"https:\/\/www.orglmeister.de\/es\/#organization\",\"name\":\"ORGLMEISTER Infrarot-Systeme GmbH & Co. KG\",\"url\":\"https:\/\/www.orglmeister.de\/es\/\",\"logo\":{\"@type\":\"ImageObject\",\"inLanguage\":\"es\",\"@id\":\"https:\/\/www.orglmeister.de\/es\/#\/schema\/logo\/image\/\",\"url\":\"https:\/\/www.orglmeister.de\/wp-content\/uploads\/2019\/12\/Orglmeister_web_RGB_72dpi.png\",\"contentUrl\":\"https:\/\/www.orglmeister.de\/wp-content\/uploads\/2019\/12\/Orglmeister_web_RGB_72dpi.png\",\"width\":1191,\"height\":277,\"caption\":\"ORGLMEISTER Infrarot-Systeme GmbH & Co. KG\"},\"image\":{\"@id\":\"https:\/\/www.orglmeister.de\/es\/#\/schema\/logo\/image\/\"},\"sameAs\":[\"https:\/\/www.linkedin.com\/company\/orglmeister-infrarot\/\",\"https:\/\/www.youtube.com\/channel\/UCEVyNWopAN-eVsg0zkFENig\"]}]}<\/script>\n<!-- \/ Yoast SEO plugin. -->","yoast_head_json":{"title":"Extinci\u00f3n con PYROsmart\u00ae | Sistema de extinci\u00f3n | ORGLMEISTER | Orglmeister Brandschutz GmbH &amp; Co. KG","description":"PYROsmart\u00ae proporciona un control inteligente de un sistema de extinci\u00f3n que incluya, por ejemplo, ca\u00f1ones de extinci\u00f3n...","robots":{"index":"index","follow":"follow","max-snippet":"max-snippet:-1","max-image-preview":"max-image-preview:large","max-video-preview":"max-video-preview:-1"},"canonical":"https:\/\/www.orglmeister.de\/es\/sistema-de-extincion-con-pyrosmart\/","og_locale":"es_ES","og_type":"article","og_title":"Extinci\u00f3n con PYROsmart\u00ae | Sistema de extinci\u00f3n | ORGLMEISTER","og_description":"PYROsmart\u00ae proporciona un control inteligente de un sistema de extinci\u00f3n que incluya, por ejemplo, ca\u00f1ones de extinci\u00f3n...","og_url":"https:\/\/www.orglmeister.de\/es\/sistema-de-extincion-con-pyrosmart\/","og_site_name":"Orglmeister Brandschutz GmbH &amp; Co. KG","article_modified_time":"2024-01-31T13:07:08+00:00","twitter_card":"summary_large_image","twitter_misc":{"Tiempo de lectura":"7 minutos"},"schema":{"@context":"https:\/\/schema.org","@graph":[{"@type":"WebPage","@id":"https:\/\/www.orglmeister.de\/es\/sistema-de-extincion-con-pyrosmart\/","url":"https:\/\/www.orglmeister.de\/es\/sistema-de-extincion-con-pyrosmart\/","name":"Extinci\u00f3n con PYROsmart\u00ae | Sistema de extinci\u00f3n | ORGLMEISTER","isPartOf":{"@id":"https:\/\/www.orglmeister.de\/es\/#website"},"datePublished":"2022-02-08T14:37:26+00:00","dateModified":"2024-01-31T13:07:08+00:00","description":"PYROsmart\u00ae proporciona un control inteligente de un sistema de extinci\u00f3n que incluya, por ejemplo, ca\u00f1ones de extinci\u00f3n...","breadcrumb":{"@id":"https:\/\/www.orglmeister.de\/es\/sistema-de-extincion-con-pyrosmart\/#breadcrumb"},"inLanguage":"es","potentialAction":[{"@type":"ReadAction","target":["https:\/\/www.orglmeister.de\/es\/sistema-de-extincion-con-pyrosmart\/"]}]},{"@type":"BreadcrumbList","@id":"https:\/\/www.orglmeister.de\/es\/sistema-de-extincion-con-pyrosmart\/#breadcrumb","itemListElement":[{"@type":"ListItem","position":1,"name":"Startseite","item":"https:\/\/www.orglmeister.de\/es\/"},{"@type":"ListItem","position":2,"name":"Extinci\u00f3n con PYROsmart\u00ae"}]},{"@type":"WebSite","@id":"https:\/\/www.orglmeister.de\/es\/#website","url":"https:\/\/www.orglmeister.de\/es\/","name":"Orglmeister Brandschutz GmbH &amp; Co. KG","description":"Wir verhindern Br\u00e4nde - autonom, intelligent, zuverl\u00e4ssig","publisher":{"@id":"https:\/\/www.orglmeister.de\/es\/#organization"},"potentialAction":[{"@type":"SearchAction","target":{"@type":"EntryPoint","urlTemplate":"https:\/\/www.orglmeister.de\/es\/?s={search_term_string}"},"query-input":{"@type":"PropertyValueSpecification","valueRequired":true,"valueName":"search_term_string"}}],"inLanguage":"es"},{"@type":"Organization","@id":"https:\/\/www.orglmeister.de\/es\/#organization","name":"ORGLMEISTER Infrarot-Systeme GmbH & Co. KG","url":"https:\/\/www.orglmeister.de\/es\/","logo":{"@type":"ImageObject","inLanguage":"es","@id":"https:\/\/www.orglmeister.de\/es\/#\/schema\/logo\/image\/","url":"https:\/\/www.orglmeister.de\/wp-content\/uploads\/2019\/12\/Orglmeister_web_RGB_72dpi.png","contentUrl":"https:\/\/www.orglmeister.de\/wp-content\/uploads\/2019\/12\/Orglmeister_web_RGB_72dpi.png","width":1191,"height":277,"caption":"ORGLMEISTER Infrarot-Systeme GmbH & Co. KG"},"image":{"@id":"https:\/\/www.orglmeister.de\/es\/#\/schema\/logo\/image\/"},"sameAs":["https:\/\/www.linkedin.com\/company\/orglmeister-infrarot\/","https:\/\/www.youtube.com\/channel\/UCEVyNWopAN-eVsg0zkFENig"]}]}},"_links":{"self":[{"href":"https:\/\/www.orglmeister.de\/es\/wp-json\/wp\/v2\/pages\/5255","targetHints":{"allow":["GET"]}}],"collection":[{"href":"https:\/\/www.orglmeister.de\/es\/wp-json\/wp\/v2\/pages"}],"about":[{"href":"https:\/\/www.orglmeister.de\/es\/wp-json\/wp\/v2\/types\/page"}],"author":[{"embeddable":true,"href":"https:\/\/www.orglmeister.de\/es\/wp-json\/wp\/v2\/users\/5"}],"replies":[{"embeddable":true,"href":"https:\/\/www.orglmeister.de\/es\/wp-json\/wp\/v2\/comments?post=5255"}],"version-history":[{"count":0,"href":"https:\/\/www.orglmeister.de\/es\/wp-json\/wp\/v2\/pages\/5255\/revisions"}],"wp:attachment":[{"href":"https:\/\/www.orglmeister.de\/es\/wp-json\/wp\/v2\/media?parent=5255"}],"curies":[{"name":"wp","href":"https:\/\/api.w.org\/{rel}","templated":true}]}}