{"id":5379,"date":"2022-02-08T07:58:27","date_gmt":"2022-02-08T06:58:27","guid":{"rendered":"https:\/\/www.orglmeister.de\/vigilancia-con-camara-termografica\/thermografiesystem-forschung-entwicklung\/"},"modified":"2023-08-30T12:25:28","modified_gmt":"2023-08-30T10:25:28","slug":"sistema-de-termografia-investigacion-desarrollo","status":"publish","type":"page","link":"https:\/\/www.orglmeister.de\/es\/vigilancia-con-camara-termografica\/sistema-de-termografia-investigacion-desarrollo\/","title":{"rendered":"Investigaci\u00f3n y desarrollo"},"content":{"rendered":"","protected":false},"excerpt":{"rendered":"","protected":false},"author":5,"featured_media":0,"parent":5374,"menu_order":0,"comment_status":"closed","ping_status":"closed","template":"","meta":{"_acf_changed":false,"footnotes":""},"class_list":["post-5379","page","type-page","status-publish","hentry"],"acf":[],"yoast_head":"<!-- This site is optimized with the Yoast SEO plugin v27.2 - https:\/\/yoast.com\/product\/yoast-seo-wordpress\/ -->\n<title>Sistema de termograf\u00eda para investigaci\u00f3n y desarrollo | ORGLMEISTER | Orglmeister Brandschutz GmbH &amp; Co. KG<\/title>\n<meta name=\"description\" content=\"Un sistema de termograf\u00eda graba y registra las distribuciones de temperatura en tiempo real. Para la investigaci\u00f3n y el desarrollo, hay...\" \/>\n<meta name=\"robots\" content=\"index, follow, max-snippet:-1, max-image-preview:large, max-video-preview:-1\" \/>\n<link rel=\"canonical\" href=\"https:\/\/www.orglmeister.de\/es\/vigilancia-con-camara-termografica\/sistema-de-termografia-investigacion-desarrollo\/\" \/>\n<meta property=\"og:locale\" content=\"es_ES\" \/>\n<meta property=\"og:type\" content=\"article\" \/>\n<meta property=\"og:title\" content=\"Sistema de termograf\u00eda para investigaci\u00f3n y desarrollo | ORGLMEISTER\" \/>\n<meta property=\"og:description\" content=\"Un sistema de termograf\u00eda graba y registra las distribuciones de temperatura en tiempo real. Para la investigaci\u00f3n y el desarrollo, hay...\" \/>\n<meta property=\"og:url\" content=\"https:\/\/www.orglmeister.de\/es\/vigilancia-con-camara-termografica\/sistema-de-termografia-investigacion-desarrollo\/\" \/>\n<meta property=\"og:site_name\" content=\"Orglmeister Brandschutz GmbH &amp; Co. KG\" \/>\n<meta property=\"article:modified_time\" content=\"2023-08-30T10:25:28+00:00\" \/>\n<meta name=\"twitter:card\" content=\"summary_large_image\" \/>\n<script type=\"application\/ld+json\" class=\"yoast-schema-graph\">{\"@context\":\"https:\/\/schema.org\",\"@graph\":[{\"@type\":\"WebPage\",\"@id\":\"https:\/\/www.orglmeister.de\/es\/vigilancia-con-camara-termografica\/sistema-de-termografia-investigacion-desarrollo\/\",\"url\":\"https:\/\/www.orglmeister.de\/es\/vigilancia-con-camara-termografica\/sistema-de-termografia-investigacion-desarrollo\/\",\"name\":\"Sistema de termograf\u00eda para investigaci\u00f3n y desarrollo | ORGLMEISTER\",\"isPartOf\":{\"@id\":\"https:\/\/www.orglmeister.de\/es\/#website\"},\"datePublished\":\"2022-02-08T06:58:27+00:00\",\"dateModified\":\"2023-08-30T10:25:28+00:00\",\"description\":\"Un sistema de termograf\u00eda graba y registra las distribuciones de temperatura en tiempo real. Para la investigaci\u00f3n y el desarrollo, hay...\",\"breadcrumb\":{\"@id\":\"https:\/\/www.orglmeister.de\/es\/vigilancia-con-camara-termografica\/sistema-de-termografia-investigacion-desarrollo\/#breadcrumb\"},\"inLanguage\":\"es\",\"potentialAction\":[{\"@type\":\"ReadAction\",\"target\":[\"https:\/\/www.orglmeister.de\/es\/vigilancia-con-camara-termografica\/sistema-de-termografia-investigacion-desarrollo\/\"]}]},{\"@type\":\"BreadcrumbList\",\"@id\":\"https:\/\/www.orglmeister.de\/es\/vigilancia-con-camara-termografica\/sistema-de-termografia-investigacion-desarrollo\/#breadcrumb\",\"itemListElement\":[{\"@type\":\"ListItem\",\"position\":1,\"name\":\"Startseite\",\"item\":\"https:\/\/www.orglmeister.de\/es\/\"},{\"@type\":\"ListItem\",\"position\":2,\"name\":\"Vigilancia con c\u00e1mara termogr\u00e1fica\",\"item\":\"https:\/\/www.orglmeister.de\/es\/vigilancia-con-camara-termografica\/\"},{\"@type\":\"ListItem\",\"position\":3,\"name\":\"Investigaci\u00f3n y desarrollo\"}]},{\"@type\":\"WebSite\",\"@id\":\"https:\/\/www.orglmeister.de\/es\/#website\",\"url\":\"https:\/\/www.orglmeister.de\/es\/\",\"name\":\"Orglmeister Brandschutz GmbH &amp; Co. KG\",\"description\":\"Wir verhindern Br\u00e4nde - autonom, intelligent, zuverl\u00e4ssig\",\"publisher\":{\"@id\":\"https:\/\/www.orglmeister.de\/es\/#organization\"},\"potentialAction\":[{\"@type\":\"SearchAction\",\"target\":{\"@type\":\"EntryPoint\",\"urlTemplate\":\"https:\/\/www.orglmeister.de\/es\/?s={search_term_string}\"},\"query-input\":{\"@type\":\"PropertyValueSpecification\",\"valueRequired\":true,\"valueName\":\"search_term_string\"}}],\"inLanguage\":\"es\"},{\"@type\":\"Organization\",\"@id\":\"https:\/\/www.orglmeister.de\/es\/#organization\",\"name\":\"ORGLMEISTER Infrarot-Systeme GmbH & Co. KG\",\"url\":\"https:\/\/www.orglmeister.de\/es\/\",\"logo\":{\"@type\":\"ImageObject\",\"inLanguage\":\"es\",\"@id\":\"https:\/\/www.orglmeister.de\/es\/#\/schema\/logo\/image\/\",\"url\":\"https:\/\/www.orglmeister.de\/wp-content\/uploads\/2019\/12\/Orglmeister_web_RGB_72dpi.png\",\"contentUrl\":\"https:\/\/www.orglmeister.de\/wp-content\/uploads\/2019\/12\/Orglmeister_web_RGB_72dpi.png\",\"width\":1191,\"height\":277,\"caption\":\"ORGLMEISTER Infrarot-Systeme GmbH & Co. KG\"},\"image\":{\"@id\":\"https:\/\/www.orglmeister.de\/es\/#\/schema\/logo\/image\/\"},\"sameAs\":[\"https:\/\/www.linkedin.com\/company\/orglmeister-infrarot\/\",\"https:\/\/www.youtube.com\/channel\/UCEVyNWopAN-eVsg0zkFENig\"]}]}<\/script>\n<!-- \/ Yoast SEO plugin. -->","yoast_head_json":{"title":"Sistema de termograf\u00eda para investigaci\u00f3n y desarrollo | ORGLMEISTER | Orglmeister Brandschutz GmbH &amp; Co. KG","description":"Un sistema de termograf\u00eda graba y registra las distribuciones de temperatura en tiempo real. Para la investigaci\u00f3n y el desarrollo, hay...","robots":{"index":"index","follow":"follow","max-snippet":"max-snippet:-1","max-image-preview":"max-image-preview:large","max-video-preview":"max-video-preview:-1"},"canonical":"https:\/\/www.orglmeister.de\/es\/vigilancia-con-camara-termografica\/sistema-de-termografia-investigacion-desarrollo\/","og_locale":"es_ES","og_type":"article","og_title":"Sistema de termograf\u00eda para investigaci\u00f3n y desarrollo | ORGLMEISTER","og_description":"Un sistema de termograf\u00eda graba y registra las distribuciones de temperatura en tiempo real. Para la investigaci\u00f3n y el desarrollo, hay...","og_url":"https:\/\/www.orglmeister.de\/es\/vigilancia-con-camara-termografica\/sistema-de-termografia-investigacion-desarrollo\/","og_site_name":"Orglmeister Brandschutz GmbH &amp; Co. KG","article_modified_time":"2023-08-30T10:25:28+00:00","twitter_card":"summary_large_image","schema":{"@context":"https:\/\/schema.org","@graph":[{"@type":"WebPage","@id":"https:\/\/www.orglmeister.de\/es\/vigilancia-con-camara-termografica\/sistema-de-termografia-investigacion-desarrollo\/","url":"https:\/\/www.orglmeister.de\/es\/vigilancia-con-camara-termografica\/sistema-de-termografia-investigacion-desarrollo\/","name":"Sistema de termograf\u00eda para investigaci\u00f3n y desarrollo | ORGLMEISTER","isPartOf":{"@id":"https:\/\/www.orglmeister.de\/es\/#website"},"datePublished":"2022-02-08T06:58:27+00:00","dateModified":"2023-08-30T10:25:28+00:00","description":"Un sistema de termograf\u00eda graba y registra las distribuciones de temperatura en tiempo real. Para la investigaci\u00f3n y el desarrollo, hay...","breadcrumb":{"@id":"https:\/\/www.orglmeister.de\/es\/vigilancia-con-camara-termografica\/sistema-de-termografia-investigacion-desarrollo\/#breadcrumb"},"inLanguage":"es","potentialAction":[{"@type":"ReadAction","target":["https:\/\/www.orglmeister.de\/es\/vigilancia-con-camara-termografica\/sistema-de-termografia-investigacion-desarrollo\/"]}]},{"@type":"BreadcrumbList","@id":"https:\/\/www.orglmeister.de\/es\/vigilancia-con-camara-termografica\/sistema-de-termografia-investigacion-desarrollo\/#breadcrumb","itemListElement":[{"@type":"ListItem","position":1,"name":"Startseite","item":"https:\/\/www.orglmeister.de\/es\/"},{"@type":"ListItem","position":2,"name":"Vigilancia con c\u00e1mara termogr\u00e1fica","item":"https:\/\/www.orglmeister.de\/es\/vigilancia-con-camara-termografica\/"},{"@type":"ListItem","position":3,"name":"Investigaci\u00f3n y desarrollo"}]},{"@type":"WebSite","@id":"https:\/\/www.orglmeister.de\/es\/#website","url":"https:\/\/www.orglmeister.de\/es\/","name":"Orglmeister Brandschutz GmbH &amp; Co. KG","description":"Wir verhindern Br\u00e4nde - autonom, intelligent, zuverl\u00e4ssig","publisher":{"@id":"https:\/\/www.orglmeister.de\/es\/#organization"},"potentialAction":[{"@type":"SearchAction","target":{"@type":"EntryPoint","urlTemplate":"https:\/\/www.orglmeister.de\/es\/?s={search_term_string}"},"query-input":{"@type":"PropertyValueSpecification","valueRequired":true,"valueName":"search_term_string"}}],"inLanguage":"es"},{"@type":"Organization","@id":"https:\/\/www.orglmeister.de\/es\/#organization","name":"ORGLMEISTER Infrarot-Systeme GmbH & Co. KG","url":"https:\/\/www.orglmeister.de\/es\/","logo":{"@type":"ImageObject","inLanguage":"es","@id":"https:\/\/www.orglmeister.de\/es\/#\/schema\/logo\/image\/","url":"https:\/\/www.orglmeister.de\/wp-content\/uploads\/2019\/12\/Orglmeister_web_RGB_72dpi.png","contentUrl":"https:\/\/www.orglmeister.de\/wp-content\/uploads\/2019\/12\/Orglmeister_web_RGB_72dpi.png","width":1191,"height":277,"caption":"ORGLMEISTER Infrarot-Systeme GmbH & Co. KG"},"image":{"@id":"https:\/\/www.orglmeister.de\/es\/#\/schema\/logo\/image\/"},"sameAs":["https:\/\/www.linkedin.com\/company\/orglmeister-infrarot\/","https:\/\/www.youtube.com\/channel\/UCEVyNWopAN-eVsg0zkFENig"]}]}},"_links":{"self":[{"href":"https:\/\/www.orglmeister.de\/es\/wp-json\/wp\/v2\/pages\/5379","targetHints":{"allow":["GET"]}}],"collection":[{"href":"https:\/\/www.orglmeister.de\/es\/wp-json\/wp\/v2\/pages"}],"about":[{"href":"https:\/\/www.orglmeister.de\/es\/wp-json\/wp\/v2\/types\/page"}],"author":[{"embeddable":true,"href":"https:\/\/www.orglmeister.de\/es\/wp-json\/wp\/v2\/users\/5"}],"replies":[{"embeddable":true,"href":"https:\/\/www.orglmeister.de\/es\/wp-json\/wp\/v2\/comments?post=5379"}],"version-history":[{"count":0,"href":"https:\/\/www.orglmeister.de\/es\/wp-json\/wp\/v2\/pages\/5379\/revisions"}],"up":[{"embeddable":true,"href":"https:\/\/www.orglmeister.de\/es\/wp-json\/wp\/v2\/pages\/5374"}],"wp:attachment":[{"href":"https:\/\/www.orglmeister.de\/es\/wp-json\/wp\/v2\/media?parent=5379"}],"curies":[{"name":"wp","href":"https:\/\/api.w.org\/{rel}","templated":true}]}}