{"id":5387,"date":"2022-02-07T13:54:52","date_gmt":"2022-02-07T12:54:52","guid":{"rendered":"https:\/\/www.orglmeister.de\/vigilancia-con-camara-termografica\/vorbeugende-instandhaltung-industrie-waermebildkamera\/"},"modified":"2023-08-30T12:25:32","modified_gmt":"2023-08-30T10:25:32","slug":"mantenimiento-preventivo-camara-termografica-industrial","status":"publish","type":"page","link":"https:\/\/www.orglmeister.de\/es\/vigilancia-con-camara-termografica\/mantenimiento-preventivo-camara-termografica-industrial\/","title":{"rendered":"Mantenimiento preventivo"},"content":{"rendered":"","protected":false},"excerpt":{"rendered":"","protected":false},"author":5,"featured_media":0,"parent":5374,"menu_order":0,"comment_status":"closed","ping_status":"closed","template":"","meta":{"_acf_changed":false,"footnotes":""},"class_list":["post-5387","page","type-page","status-publish","hentry"],"acf":[],"yoast_head":"<!-- This site is optimized with the Yoast SEO plugin v27.2 - https:\/\/yoast.com\/product\/yoast-seo-wordpress\/ -->\n<title>Mantenimiento preventivo | C\u00e1mara termogr\u00e1fica industrial | OIS | Orglmeister Brandschutz GmbH &amp; Co. KG<\/title>\n<meta name=\"description\" content=\"La termograf\u00eda con una c\u00e1mara termogr\u00e1fica industrial se ha convertido en uno de los m\u00e9todos de diagn\u00f3stico m\u00e1s valiosos en el campo del...\" \/>\n<meta name=\"robots\" content=\"index, follow, max-snippet:-1, max-image-preview:large, max-video-preview:-1\" \/>\n<link rel=\"canonical\" href=\"https:\/\/www.orglmeister.de\/es\/vigilancia-con-camara-termografica\/mantenimiento-preventivo-camara-termografica-industrial\/\" \/>\n<meta property=\"og:locale\" content=\"es_ES\" \/>\n<meta property=\"og:type\" content=\"article\" \/>\n<meta property=\"og:title\" content=\"Mantenimiento preventivo | C\u00e1mara termogr\u00e1fica industrial | OIS\" \/>\n<meta property=\"og:description\" content=\"La termograf\u00eda con una c\u00e1mara termogr\u00e1fica industrial se ha convertido en uno de los m\u00e9todos de diagn\u00f3stico m\u00e1s valiosos en el campo del...\" \/>\n<meta property=\"og:url\" content=\"https:\/\/www.orglmeister.de\/es\/vigilancia-con-camara-termografica\/mantenimiento-preventivo-camara-termografica-industrial\/\" \/>\n<meta property=\"og:site_name\" content=\"Orglmeister Brandschutz GmbH &amp; Co. KG\" \/>\n<meta property=\"article:modified_time\" content=\"2023-08-30T10:25:32+00:00\" \/>\n<meta name=\"twitter:card\" content=\"summary_large_image\" \/>\n<script type=\"application\/ld+json\" class=\"yoast-schema-graph\">{\"@context\":\"https:\/\/schema.org\",\"@graph\":[{\"@type\":\"WebPage\",\"@id\":\"https:\/\/www.orglmeister.de\/es\/vigilancia-con-camara-termografica\/mantenimiento-preventivo-camara-termografica-industrial\/\",\"url\":\"https:\/\/www.orglmeister.de\/es\/vigilancia-con-camara-termografica\/mantenimiento-preventivo-camara-termografica-industrial\/\",\"name\":\"Mantenimiento preventivo | C\u00e1mara termogr\u00e1fica industrial | OIS\",\"isPartOf\":{\"@id\":\"https:\/\/www.orglmeister.de\/es\/#website\"},\"datePublished\":\"2022-02-07T12:54:52+00:00\",\"dateModified\":\"2023-08-30T10:25:32+00:00\",\"description\":\"La termograf\u00eda con una c\u00e1mara termogr\u00e1fica industrial se ha convertido en uno de los m\u00e9todos de diagn\u00f3stico m\u00e1s valiosos en el campo del...\",\"breadcrumb\":{\"@id\":\"https:\/\/www.orglmeister.de\/es\/vigilancia-con-camara-termografica\/mantenimiento-preventivo-camara-termografica-industrial\/#breadcrumb\"},\"inLanguage\":\"es\",\"potentialAction\":[{\"@type\":\"ReadAction\",\"target\":[\"https:\/\/www.orglmeister.de\/es\/vigilancia-con-camara-termografica\/mantenimiento-preventivo-camara-termografica-industrial\/\"]}]},{\"@type\":\"BreadcrumbList\",\"@id\":\"https:\/\/www.orglmeister.de\/es\/vigilancia-con-camara-termografica\/mantenimiento-preventivo-camara-termografica-industrial\/#breadcrumb\",\"itemListElement\":[{\"@type\":\"ListItem\",\"position\":1,\"name\":\"Startseite\",\"item\":\"https:\/\/www.orglmeister.de\/es\/\"},{\"@type\":\"ListItem\",\"position\":2,\"name\":\"Vigilancia con c\u00e1mara termogr\u00e1fica\",\"item\":\"https:\/\/www.orglmeister.de\/es\/vigilancia-con-camara-termografica\/\"},{\"@type\":\"ListItem\",\"position\":3,\"name\":\"Mantenimiento preventivo\"}]},{\"@type\":\"WebSite\",\"@id\":\"https:\/\/www.orglmeister.de\/es\/#website\",\"url\":\"https:\/\/www.orglmeister.de\/es\/\",\"name\":\"Orglmeister Brandschutz GmbH &amp; Co. KG\",\"description\":\"Wir verhindern Br\u00e4nde - autonom, intelligent, zuverl\u00e4ssig\",\"publisher\":{\"@id\":\"https:\/\/www.orglmeister.de\/es\/#organization\"},\"potentialAction\":[{\"@type\":\"SearchAction\",\"target\":{\"@type\":\"EntryPoint\",\"urlTemplate\":\"https:\/\/www.orglmeister.de\/es\/?s={search_term_string}\"},\"query-input\":{\"@type\":\"PropertyValueSpecification\",\"valueRequired\":true,\"valueName\":\"search_term_string\"}}],\"inLanguage\":\"es\"},{\"@type\":\"Organization\",\"@id\":\"https:\/\/www.orglmeister.de\/es\/#organization\",\"name\":\"ORGLMEISTER Infrarot-Systeme GmbH & Co. KG\",\"url\":\"https:\/\/www.orglmeister.de\/es\/\",\"logo\":{\"@type\":\"ImageObject\",\"inLanguage\":\"es\",\"@id\":\"https:\/\/www.orglmeister.de\/es\/#\/schema\/logo\/image\/\",\"url\":\"https:\/\/www.orglmeister.de\/wp-content\/uploads\/2019\/12\/Orglmeister_web_RGB_72dpi.png\",\"contentUrl\":\"https:\/\/www.orglmeister.de\/wp-content\/uploads\/2019\/12\/Orglmeister_web_RGB_72dpi.png\",\"width\":1191,\"height\":277,\"caption\":\"ORGLMEISTER Infrarot-Systeme GmbH & Co. KG\"},\"image\":{\"@id\":\"https:\/\/www.orglmeister.de\/es\/#\/schema\/logo\/image\/\"},\"sameAs\":[\"https:\/\/www.linkedin.com\/company\/orglmeister-infrarot\/\",\"https:\/\/www.youtube.com\/channel\/UCEVyNWopAN-eVsg0zkFENig\"]}]}<\/script>\n<!-- \/ Yoast SEO plugin. -->","yoast_head_json":{"title":"Mantenimiento preventivo | C\u00e1mara termogr\u00e1fica industrial | OIS | Orglmeister Brandschutz GmbH &amp; Co. KG","description":"La termograf\u00eda con una c\u00e1mara termogr\u00e1fica industrial se ha convertido en uno de los m\u00e9todos de diagn\u00f3stico m\u00e1s valiosos en el campo del...","robots":{"index":"index","follow":"follow","max-snippet":"max-snippet:-1","max-image-preview":"max-image-preview:large","max-video-preview":"max-video-preview:-1"},"canonical":"https:\/\/www.orglmeister.de\/es\/vigilancia-con-camara-termografica\/mantenimiento-preventivo-camara-termografica-industrial\/","og_locale":"es_ES","og_type":"article","og_title":"Mantenimiento preventivo | C\u00e1mara termogr\u00e1fica industrial | OIS","og_description":"La termograf\u00eda con una c\u00e1mara termogr\u00e1fica industrial se ha convertido en uno de los m\u00e9todos de diagn\u00f3stico m\u00e1s valiosos en el campo del...","og_url":"https:\/\/www.orglmeister.de\/es\/vigilancia-con-camara-termografica\/mantenimiento-preventivo-camara-termografica-industrial\/","og_site_name":"Orglmeister Brandschutz GmbH &amp; Co. KG","article_modified_time":"2023-08-30T10:25:32+00:00","twitter_card":"summary_large_image","schema":{"@context":"https:\/\/schema.org","@graph":[{"@type":"WebPage","@id":"https:\/\/www.orglmeister.de\/es\/vigilancia-con-camara-termografica\/mantenimiento-preventivo-camara-termografica-industrial\/","url":"https:\/\/www.orglmeister.de\/es\/vigilancia-con-camara-termografica\/mantenimiento-preventivo-camara-termografica-industrial\/","name":"Mantenimiento preventivo | C\u00e1mara termogr\u00e1fica industrial | OIS","isPartOf":{"@id":"https:\/\/www.orglmeister.de\/es\/#website"},"datePublished":"2022-02-07T12:54:52+00:00","dateModified":"2023-08-30T10:25:32+00:00","description":"La termograf\u00eda con una c\u00e1mara termogr\u00e1fica industrial se ha convertido en uno de los m\u00e9todos de diagn\u00f3stico m\u00e1s valiosos en el campo del...","breadcrumb":{"@id":"https:\/\/www.orglmeister.de\/es\/vigilancia-con-camara-termografica\/mantenimiento-preventivo-camara-termografica-industrial\/#breadcrumb"},"inLanguage":"es","potentialAction":[{"@type":"ReadAction","target":["https:\/\/www.orglmeister.de\/es\/vigilancia-con-camara-termografica\/mantenimiento-preventivo-camara-termografica-industrial\/"]}]},{"@type":"BreadcrumbList","@id":"https:\/\/www.orglmeister.de\/es\/vigilancia-con-camara-termografica\/mantenimiento-preventivo-camara-termografica-industrial\/#breadcrumb","itemListElement":[{"@type":"ListItem","position":1,"name":"Startseite","item":"https:\/\/www.orglmeister.de\/es\/"},{"@type":"ListItem","position":2,"name":"Vigilancia con c\u00e1mara termogr\u00e1fica","item":"https:\/\/www.orglmeister.de\/es\/vigilancia-con-camara-termografica\/"},{"@type":"ListItem","position":3,"name":"Mantenimiento preventivo"}]},{"@type":"WebSite","@id":"https:\/\/www.orglmeister.de\/es\/#website","url":"https:\/\/www.orglmeister.de\/es\/","name":"Orglmeister Brandschutz GmbH &amp; Co. KG","description":"Wir verhindern Br\u00e4nde - autonom, intelligent, zuverl\u00e4ssig","publisher":{"@id":"https:\/\/www.orglmeister.de\/es\/#organization"},"potentialAction":[{"@type":"SearchAction","target":{"@type":"EntryPoint","urlTemplate":"https:\/\/www.orglmeister.de\/es\/?s={search_term_string}"},"query-input":{"@type":"PropertyValueSpecification","valueRequired":true,"valueName":"search_term_string"}}],"inLanguage":"es"},{"@type":"Organization","@id":"https:\/\/www.orglmeister.de\/es\/#organization","name":"ORGLMEISTER Infrarot-Systeme GmbH & Co. KG","url":"https:\/\/www.orglmeister.de\/es\/","logo":{"@type":"ImageObject","inLanguage":"es","@id":"https:\/\/www.orglmeister.de\/es\/#\/schema\/logo\/image\/","url":"https:\/\/www.orglmeister.de\/wp-content\/uploads\/2019\/12\/Orglmeister_web_RGB_72dpi.png","contentUrl":"https:\/\/www.orglmeister.de\/wp-content\/uploads\/2019\/12\/Orglmeister_web_RGB_72dpi.png","width":1191,"height":277,"caption":"ORGLMEISTER Infrarot-Systeme GmbH & Co. KG"},"image":{"@id":"https:\/\/www.orglmeister.de\/es\/#\/schema\/logo\/image\/"},"sameAs":["https:\/\/www.linkedin.com\/company\/orglmeister-infrarot\/","https:\/\/www.youtube.com\/channel\/UCEVyNWopAN-eVsg0zkFENig"]}]}},"_links":{"self":[{"href":"https:\/\/www.orglmeister.de\/es\/wp-json\/wp\/v2\/pages\/5387","targetHints":{"allow":["GET"]}}],"collection":[{"href":"https:\/\/www.orglmeister.de\/es\/wp-json\/wp\/v2\/pages"}],"about":[{"href":"https:\/\/www.orglmeister.de\/es\/wp-json\/wp\/v2\/types\/page"}],"author":[{"embeddable":true,"href":"https:\/\/www.orglmeister.de\/es\/wp-json\/wp\/v2\/users\/5"}],"replies":[{"embeddable":true,"href":"https:\/\/www.orglmeister.de\/es\/wp-json\/wp\/v2\/comments?post=5387"}],"version-history":[{"count":0,"href":"https:\/\/www.orglmeister.de\/es\/wp-json\/wp\/v2\/pages\/5387\/revisions"}],"up":[{"embeddable":true,"href":"https:\/\/www.orglmeister.de\/es\/wp-json\/wp\/v2\/pages\/5374"}],"wp:attachment":[{"href":"https:\/\/www.orglmeister.de\/es\/wp-json\/wp\/v2\/media?parent=5387"}],"curies":[{"name":"wp","href":"https:\/\/api.w.org\/{rel}","templated":true}]}}