{"id":6641,"date":"2022-08-30T15:58:52","date_gmt":"2022-08-30T13:58:52","guid":{"rendered":"https:\/\/www.orglmeister.de\/koks-loeschung-nachloeschung-koksrampe-kokerei\/"},"modified":"2024-05-02T11:10:53","modified_gmt":"2024-05-02T09:10:53","slug":"apagado-coque-coquerias-extincion-coque","status":"publish","type":"page","link":"https:\/\/www.orglmeister.de\/es\/apagado-coque-coquerias-extincion-coque\/","title":{"rendered":"Apagado de coque en coquer\u00edas"},"content":{"rendered":"","protected":false},"excerpt":{"rendered":"","protected":false},"author":5,"featured_media":0,"parent":0,"menu_order":0,"comment_status":"closed","ping_status":"closed","template":"","meta":{"_acf_changed":false,"footnotes":""},"class_list":["post-6641","page","type-page","status-publish","hentry"],"acf":[],"yoast_head":"<!-- This site is optimized with the Yoast SEO plugin v27.2 - https:\/\/yoast.com\/product\/yoast-seo-wordpress\/ -->\n<title>Apagado de coque en coquer\u00edas | Orglmeister Brandschutz GmbH &amp; Co. KG<\/title>\n<meta name=\"description\" content=\"Extinci\u00f3n autom\u00e1tica de coque en la rampa de coque | Control de costes con una cantidad de agua \u00f3ptima en el coque | Coquer\u00edas\" \/>\n<meta name=\"robots\" content=\"index, follow, max-snippet:-1, max-image-preview:large, max-video-preview:-1\" \/>\n<link rel=\"canonical\" href=\"https:\/\/www.orglmeister.de\/es\/apagado-coque-coquerias-extincion-coque\/\" \/>\n<meta property=\"og:locale\" content=\"es_ES\" \/>\n<meta property=\"og:type\" content=\"article\" \/>\n<meta property=\"og:title\" content=\"Apagado de coque en coquer\u00edas | Orglmeister Brandschutz GmbH &amp; Co. KG\" \/>\n<meta property=\"og:description\" content=\"Extinci\u00f3n autom\u00e1tica de coque en la rampa de coque | Control de costes con una cantidad de agua \u00f3ptima en el coque | Coquer\u00edas\" \/>\n<meta property=\"og:url\" content=\"https:\/\/www.orglmeister.de\/es\/apagado-coque-coquerias-extincion-coque\/\" \/>\n<meta property=\"og:site_name\" content=\"Orglmeister Brandschutz GmbH &amp; Co. KG\" \/>\n<meta property=\"article:modified_time\" content=\"2024-05-02T09:10:53+00:00\" \/>\n<meta name=\"twitter:card\" content=\"summary_large_image\" \/>\n<meta name=\"twitter:label1\" content=\"Tiempo de lectura\" \/>\n\t<meta name=\"twitter:data1\" content=\"9 minutos\" \/>\n<script type=\"application\/ld+json\" class=\"yoast-schema-graph\">{\"@context\":\"https:\/\/schema.org\",\"@graph\":[{\"@type\":\"WebPage\",\"@id\":\"https:\/\/www.orglmeister.de\/es\/apagado-coque-coquerias-extincion-coque\/\",\"url\":\"https:\/\/www.orglmeister.de\/es\/apagado-coque-coquerias-extincion-coque\/\",\"name\":\"Apagado de coque en coquer\u00edas | Orglmeister Brandschutz GmbH &amp; Co. KG\",\"isPartOf\":{\"@id\":\"https:\/\/www.orglmeister.de\/es\/#website\"},\"datePublished\":\"2022-08-30T13:58:52+00:00\",\"dateModified\":\"2024-05-02T09:10:53+00:00\",\"description\":\"Extinci\u00f3n autom\u00e1tica de coque en la rampa de coque | Control de costes con una cantidad de agua \u00f3ptima en el coque | Coquer\u00edas\",\"breadcrumb\":{\"@id\":\"https:\/\/www.orglmeister.de\/es\/apagado-coque-coquerias-extincion-coque\/#breadcrumb\"},\"inLanguage\":\"es\",\"potentialAction\":[{\"@type\":\"ReadAction\",\"target\":[\"https:\/\/www.orglmeister.de\/es\/apagado-coque-coquerias-extincion-coque\/\"]}]},{\"@type\":\"BreadcrumbList\",\"@id\":\"https:\/\/www.orglmeister.de\/es\/apagado-coque-coquerias-extincion-coque\/#breadcrumb\",\"itemListElement\":[{\"@type\":\"ListItem\",\"position\":1,\"name\":\"Startseite\",\"item\":\"https:\/\/www.orglmeister.de\/es\/\"},{\"@type\":\"ListItem\",\"position\":2,\"name\":\"Apagado de coque en coquer\u00edas\"}]},{\"@type\":\"WebSite\",\"@id\":\"https:\/\/www.orglmeister.de\/es\/#website\",\"url\":\"https:\/\/www.orglmeister.de\/es\/\",\"name\":\"Orglmeister Brandschutz GmbH &amp; Co. KG\",\"description\":\"Wir verhindern Br\u00e4nde - autonom, intelligent, zuverl\u00e4ssig\",\"publisher\":{\"@id\":\"https:\/\/www.orglmeister.de\/es\/#organization\"},\"potentialAction\":[{\"@type\":\"SearchAction\",\"target\":{\"@type\":\"EntryPoint\",\"urlTemplate\":\"https:\/\/www.orglmeister.de\/es\/?s={search_term_string}\"},\"query-input\":{\"@type\":\"PropertyValueSpecification\",\"valueRequired\":true,\"valueName\":\"search_term_string\"}}],\"inLanguage\":\"es\"},{\"@type\":\"Organization\",\"@id\":\"https:\/\/www.orglmeister.de\/es\/#organization\",\"name\":\"ORGLMEISTER Infrarot-Systeme GmbH & Co. KG\",\"url\":\"https:\/\/www.orglmeister.de\/es\/\",\"logo\":{\"@type\":\"ImageObject\",\"inLanguage\":\"es\",\"@id\":\"https:\/\/www.orglmeister.de\/es\/#\/schema\/logo\/image\/\",\"url\":\"https:\/\/www.orglmeister.de\/wp-content\/uploads\/2019\/12\/Orglmeister_web_RGB_72dpi.png\",\"contentUrl\":\"https:\/\/www.orglmeister.de\/wp-content\/uploads\/2019\/12\/Orglmeister_web_RGB_72dpi.png\",\"width\":1191,\"height\":277,\"caption\":\"ORGLMEISTER Infrarot-Systeme GmbH & Co. KG\"},\"image\":{\"@id\":\"https:\/\/www.orglmeister.de\/es\/#\/schema\/logo\/image\/\"},\"sameAs\":[\"https:\/\/www.linkedin.com\/company\/orglmeister-infrarot\/\",\"https:\/\/www.youtube.com\/channel\/UCEVyNWopAN-eVsg0zkFENig\"]}]}<\/script>\n<!-- \/ Yoast SEO plugin. -->","yoast_head_json":{"title":"Apagado de coque en coquer\u00edas | Orglmeister Brandschutz GmbH &amp; Co. KG","description":"Extinci\u00f3n autom\u00e1tica de coque en la rampa de coque | Control de costes con una cantidad de agua \u00f3ptima en el coque | Coquer\u00edas","robots":{"index":"index","follow":"follow","max-snippet":"max-snippet:-1","max-image-preview":"max-image-preview:large","max-video-preview":"max-video-preview:-1"},"canonical":"https:\/\/www.orglmeister.de\/es\/apagado-coque-coquerias-extincion-coque\/","og_locale":"es_ES","og_type":"article","og_title":"Apagado de coque en coquer\u00edas | Orglmeister Brandschutz GmbH &amp; Co. KG","og_description":"Extinci\u00f3n autom\u00e1tica de coque en la rampa de coque | Control de costes con una cantidad de agua \u00f3ptima en el coque | Coquer\u00edas","og_url":"https:\/\/www.orglmeister.de\/es\/apagado-coque-coquerias-extincion-coque\/","og_site_name":"Orglmeister Brandschutz GmbH &amp; Co. KG","article_modified_time":"2024-05-02T09:10:53+00:00","twitter_card":"summary_large_image","twitter_misc":{"Tiempo de lectura":"9 minutos"},"schema":{"@context":"https:\/\/schema.org","@graph":[{"@type":"WebPage","@id":"https:\/\/www.orglmeister.de\/es\/apagado-coque-coquerias-extincion-coque\/","url":"https:\/\/www.orglmeister.de\/es\/apagado-coque-coquerias-extincion-coque\/","name":"Apagado de coque en coquer\u00edas | Orglmeister Brandschutz GmbH &amp; Co. KG","isPartOf":{"@id":"https:\/\/www.orglmeister.de\/es\/#website"},"datePublished":"2022-08-30T13:58:52+00:00","dateModified":"2024-05-02T09:10:53+00:00","description":"Extinci\u00f3n autom\u00e1tica de coque en la rampa de coque | Control de costes con una cantidad de agua \u00f3ptima en el coque | Coquer\u00edas","breadcrumb":{"@id":"https:\/\/www.orglmeister.de\/es\/apagado-coque-coquerias-extincion-coque\/#breadcrumb"},"inLanguage":"es","potentialAction":[{"@type":"ReadAction","target":["https:\/\/www.orglmeister.de\/es\/apagado-coque-coquerias-extincion-coque\/"]}]},{"@type":"BreadcrumbList","@id":"https:\/\/www.orglmeister.de\/es\/apagado-coque-coquerias-extincion-coque\/#breadcrumb","itemListElement":[{"@type":"ListItem","position":1,"name":"Startseite","item":"https:\/\/www.orglmeister.de\/es\/"},{"@type":"ListItem","position":2,"name":"Apagado de coque en coquer\u00edas"}]},{"@type":"WebSite","@id":"https:\/\/www.orglmeister.de\/es\/#website","url":"https:\/\/www.orglmeister.de\/es\/","name":"Orglmeister Brandschutz GmbH &amp; Co. KG","description":"Wir verhindern Br\u00e4nde - autonom, intelligent, zuverl\u00e4ssig","publisher":{"@id":"https:\/\/www.orglmeister.de\/es\/#organization"},"potentialAction":[{"@type":"SearchAction","target":{"@type":"EntryPoint","urlTemplate":"https:\/\/www.orglmeister.de\/es\/?s={search_term_string}"},"query-input":{"@type":"PropertyValueSpecification","valueRequired":true,"valueName":"search_term_string"}}],"inLanguage":"es"},{"@type":"Organization","@id":"https:\/\/www.orglmeister.de\/es\/#organization","name":"ORGLMEISTER Infrarot-Systeme GmbH & Co. KG","url":"https:\/\/www.orglmeister.de\/es\/","logo":{"@type":"ImageObject","inLanguage":"es","@id":"https:\/\/www.orglmeister.de\/es\/#\/schema\/logo\/image\/","url":"https:\/\/www.orglmeister.de\/wp-content\/uploads\/2019\/12\/Orglmeister_web_RGB_72dpi.png","contentUrl":"https:\/\/www.orglmeister.de\/wp-content\/uploads\/2019\/12\/Orglmeister_web_RGB_72dpi.png","width":1191,"height":277,"caption":"ORGLMEISTER Infrarot-Systeme GmbH & Co. KG"},"image":{"@id":"https:\/\/www.orglmeister.de\/es\/#\/schema\/logo\/image\/"},"sameAs":["https:\/\/www.linkedin.com\/company\/orglmeister-infrarot\/","https:\/\/www.youtube.com\/channel\/UCEVyNWopAN-eVsg0zkFENig"]}]}},"_links":{"self":[{"href":"https:\/\/www.orglmeister.de\/es\/wp-json\/wp\/v2\/pages\/6641","targetHints":{"allow":["GET"]}}],"collection":[{"href":"https:\/\/www.orglmeister.de\/es\/wp-json\/wp\/v2\/pages"}],"about":[{"href":"https:\/\/www.orglmeister.de\/es\/wp-json\/wp\/v2\/types\/page"}],"author":[{"embeddable":true,"href":"https:\/\/www.orglmeister.de\/es\/wp-json\/wp\/v2\/users\/5"}],"replies":[{"embeddable":true,"href":"https:\/\/www.orglmeister.de\/es\/wp-json\/wp\/v2\/comments?post=6641"}],"version-history":[{"count":0,"href":"https:\/\/www.orglmeister.de\/es\/wp-json\/wp\/v2\/pages\/6641\/revisions"}],"wp:attachment":[{"href":"https:\/\/www.orglmeister.de\/es\/wp-json\/wp\/v2\/media?parent=6641"}],"curies":[{"name":"wp","href":"https:\/\/api.w.org\/{rel}","templated":true}]}}