{"id":4973,"date":"2022-02-07T10:12:56","date_gmt":"2022-02-07T09:12:56","guid":{"rendered":"https:\/\/www.orglmeister.de\/was-ist-thermografie\/"},"modified":"2023-08-30T12:20:24","modified_gmt":"2023-08-30T10:20:24","slug":"qu-est-ce-que-la-thermographie","status":"publish","type":"page","link":"https:\/\/www.orglmeister.de\/fr\/qu-est-ce-que-la-thermographie\/","title":{"rendered":"Qu\u2019est-ce que la thermographie?"},"content":{"rendered":"","protected":false},"excerpt":{"rendered":"","protected":false},"author":5,"featured_media":0,"parent":0,"menu_order":0,"comment_status":"closed","ping_status":"closed","template":"","meta":{"_acf_changed":false,"footnotes":""},"class_list":["post-4973","page","type-page","status-publish","hentry"],"acf":[],"yoast_head":"<!-- This site is optimized with the Yoast SEO plugin v27.2 - https:\/\/yoast.com\/product\/yoast-seo-wordpress\/ -->\n<title>Qu\u2019est-ce que la thermographie? | Orglmeister Brandschutz GmbH &amp; Co. KG<\/title>\n<meta name=\"description\" content=\"La thermographie est souvent confondue avec la mesure de la temp\u00e9rature. Ces proc\u00e9dures de mesure se distinguent enti\u00e8rement...\" \/>\n<meta name=\"robots\" content=\"index, follow, max-snippet:-1, max-image-preview:large, max-video-preview:-1\" \/>\n<link rel=\"canonical\" href=\"https:\/\/www.orglmeister.de\/fr\/qu-est-ce-que-la-thermographie\/\" \/>\n<meta property=\"og:locale\" content=\"fr_FR\" \/>\n<meta property=\"og:type\" content=\"article\" \/>\n<meta property=\"og:title\" content=\"Qu\u2019est-ce que la thermographie? | Orglmeister Brandschutz GmbH &amp; Co. KG\" \/>\n<meta property=\"og:description\" content=\"La thermographie est souvent confondue avec la mesure de la temp\u00e9rature. Ces proc\u00e9dures de mesure se distinguent enti\u00e8rement...\" \/>\n<meta property=\"og:url\" content=\"https:\/\/www.orglmeister.de\/fr\/qu-est-ce-que-la-thermographie\/\" \/>\n<meta property=\"og:site_name\" content=\"Orglmeister Brandschutz GmbH &amp; Co. KG\" \/>\n<meta property=\"article:modified_time\" content=\"2023-08-30T10:20:24+00:00\" \/>\n<meta name=\"twitter:card\" content=\"summary_large_image\" \/>\n<script type=\"application\/ld+json\" class=\"yoast-schema-graph\">{\"@context\":\"https:\/\/schema.org\",\"@graph\":[{\"@type\":\"WebPage\",\"@id\":\"https:\/\/www.orglmeister.de\/fr\/qu-est-ce-que-la-thermographie\/\",\"url\":\"https:\/\/www.orglmeister.de\/fr\/qu-est-ce-que-la-thermographie\/\",\"name\":\"Qu\u2019est-ce que la thermographie? | Orglmeister Brandschutz GmbH &amp; Co. KG\",\"isPartOf\":{\"@id\":\"https:\/\/www.orglmeister.de\/fr\/#website\"},\"datePublished\":\"2022-02-07T09:12:56+00:00\",\"dateModified\":\"2023-08-30T10:20:24+00:00\",\"description\":\"La thermographie est souvent confondue avec la mesure de la temp\u00e9rature. Ces proc\u00e9dures de mesure se distinguent enti\u00e8rement...\",\"breadcrumb\":{\"@id\":\"https:\/\/www.orglmeister.de\/fr\/qu-est-ce-que-la-thermographie\/#breadcrumb\"},\"inLanguage\":\"fr-FR\",\"potentialAction\":[{\"@type\":\"ReadAction\",\"target\":[\"https:\/\/www.orglmeister.de\/fr\/qu-est-ce-que-la-thermographie\/\"]}]},{\"@type\":\"BreadcrumbList\",\"@id\":\"https:\/\/www.orglmeister.de\/fr\/qu-est-ce-que-la-thermographie\/#breadcrumb\",\"itemListElement\":[{\"@type\":\"ListItem\",\"position\":1,\"name\":\"Startseite\",\"item\":\"https:\/\/www.orglmeister.de\/fr\/\"},{\"@type\":\"ListItem\",\"position\":2,\"name\":\"Qu\u2019est-ce que la thermographie?\"}]},{\"@type\":\"WebSite\",\"@id\":\"https:\/\/www.orglmeister.de\/fr\/#website\",\"url\":\"https:\/\/www.orglmeister.de\/fr\/\",\"name\":\"Orglmeister Brandschutz GmbH &amp; Co. KG\",\"description\":\"Wir verhindern Br\u00e4nde - autonom, intelligent, zuverl\u00e4ssig\",\"publisher\":{\"@id\":\"https:\/\/www.orglmeister.de\/fr\/#organization\"},\"potentialAction\":[{\"@type\":\"SearchAction\",\"target\":{\"@type\":\"EntryPoint\",\"urlTemplate\":\"https:\/\/www.orglmeister.de\/fr\/?s={search_term_string}\"},\"query-input\":{\"@type\":\"PropertyValueSpecification\",\"valueRequired\":true,\"valueName\":\"search_term_string\"}}],\"inLanguage\":\"fr-FR\"},{\"@type\":\"Organization\",\"@id\":\"https:\/\/www.orglmeister.de\/fr\/#organization\",\"name\":\"ORGLMEISTER Infrarot-Systeme GmbH & Co. KG\",\"url\":\"https:\/\/www.orglmeister.de\/fr\/\",\"logo\":{\"@type\":\"ImageObject\",\"inLanguage\":\"fr-FR\",\"@id\":\"https:\/\/www.orglmeister.de\/fr\/#\/schema\/logo\/image\/\",\"url\":\"https:\/\/www.orglmeister.de\/wp-content\/uploads\/2019\/12\/Orglmeister_web_RGB_72dpi.png\",\"contentUrl\":\"https:\/\/www.orglmeister.de\/wp-content\/uploads\/2019\/12\/Orglmeister_web_RGB_72dpi.png\",\"width\":1191,\"height\":277,\"caption\":\"ORGLMEISTER Infrarot-Systeme GmbH & Co. KG\"},\"image\":{\"@id\":\"https:\/\/www.orglmeister.de\/fr\/#\/schema\/logo\/image\/\"},\"sameAs\":[\"https:\/\/www.linkedin.com\/company\/orglmeister-infrarot\/\",\"https:\/\/www.youtube.com\/channel\/UCEVyNWopAN-eVsg0zkFENig\"]}]}<\/script>\n<!-- \/ Yoast SEO plugin. -->","yoast_head_json":{"title":"Qu\u2019est-ce que la thermographie? | Orglmeister Brandschutz GmbH &amp; Co. KG","description":"La thermographie est souvent confondue avec la mesure de la temp\u00e9rature. Ces proc\u00e9dures de mesure se distinguent enti\u00e8rement...","robots":{"index":"index","follow":"follow","max-snippet":"max-snippet:-1","max-image-preview":"max-image-preview:large","max-video-preview":"max-video-preview:-1"},"canonical":"https:\/\/www.orglmeister.de\/fr\/qu-est-ce-que-la-thermographie\/","og_locale":"fr_FR","og_type":"article","og_title":"Qu\u2019est-ce que la thermographie? | Orglmeister Brandschutz GmbH &amp; Co. KG","og_description":"La thermographie est souvent confondue avec la mesure de la temp\u00e9rature. Ces proc\u00e9dures de mesure se distinguent enti\u00e8rement...","og_url":"https:\/\/www.orglmeister.de\/fr\/qu-est-ce-que-la-thermographie\/","og_site_name":"Orglmeister Brandschutz GmbH &amp; Co. KG","article_modified_time":"2023-08-30T10:20:24+00:00","twitter_card":"summary_large_image","schema":{"@context":"https:\/\/schema.org","@graph":[{"@type":"WebPage","@id":"https:\/\/www.orglmeister.de\/fr\/qu-est-ce-que-la-thermographie\/","url":"https:\/\/www.orglmeister.de\/fr\/qu-est-ce-que-la-thermographie\/","name":"Qu\u2019est-ce que la thermographie? | Orglmeister Brandschutz GmbH &amp; Co. KG","isPartOf":{"@id":"https:\/\/www.orglmeister.de\/fr\/#website"},"datePublished":"2022-02-07T09:12:56+00:00","dateModified":"2023-08-30T10:20:24+00:00","description":"La thermographie est souvent confondue avec la mesure de la temp\u00e9rature. Ces proc\u00e9dures de mesure se distinguent enti\u00e8rement...","breadcrumb":{"@id":"https:\/\/www.orglmeister.de\/fr\/qu-est-ce-que-la-thermographie\/#breadcrumb"},"inLanguage":"fr-FR","potentialAction":[{"@type":"ReadAction","target":["https:\/\/www.orglmeister.de\/fr\/qu-est-ce-que-la-thermographie\/"]}]},{"@type":"BreadcrumbList","@id":"https:\/\/www.orglmeister.de\/fr\/qu-est-ce-que-la-thermographie\/#breadcrumb","itemListElement":[{"@type":"ListItem","position":1,"name":"Startseite","item":"https:\/\/www.orglmeister.de\/fr\/"},{"@type":"ListItem","position":2,"name":"Qu\u2019est-ce que la thermographie?"}]},{"@type":"WebSite","@id":"https:\/\/www.orglmeister.de\/fr\/#website","url":"https:\/\/www.orglmeister.de\/fr\/","name":"Orglmeister Brandschutz GmbH &amp; Co. KG","description":"Wir verhindern Br\u00e4nde - autonom, intelligent, zuverl\u00e4ssig","publisher":{"@id":"https:\/\/www.orglmeister.de\/fr\/#organization"},"potentialAction":[{"@type":"SearchAction","target":{"@type":"EntryPoint","urlTemplate":"https:\/\/www.orglmeister.de\/fr\/?s={search_term_string}"},"query-input":{"@type":"PropertyValueSpecification","valueRequired":true,"valueName":"search_term_string"}}],"inLanguage":"fr-FR"},{"@type":"Organization","@id":"https:\/\/www.orglmeister.de\/fr\/#organization","name":"ORGLMEISTER Infrarot-Systeme GmbH & Co. KG","url":"https:\/\/www.orglmeister.de\/fr\/","logo":{"@type":"ImageObject","inLanguage":"fr-FR","@id":"https:\/\/www.orglmeister.de\/fr\/#\/schema\/logo\/image\/","url":"https:\/\/www.orglmeister.de\/wp-content\/uploads\/2019\/12\/Orglmeister_web_RGB_72dpi.png","contentUrl":"https:\/\/www.orglmeister.de\/wp-content\/uploads\/2019\/12\/Orglmeister_web_RGB_72dpi.png","width":1191,"height":277,"caption":"ORGLMEISTER Infrarot-Systeme GmbH & Co. KG"},"image":{"@id":"https:\/\/www.orglmeister.de\/fr\/#\/schema\/logo\/image\/"},"sameAs":["https:\/\/www.linkedin.com\/company\/orglmeister-infrarot\/","https:\/\/www.youtube.com\/channel\/UCEVyNWopAN-eVsg0zkFENig"]}]}},"_links":{"self":[{"href":"https:\/\/www.orglmeister.de\/fr\/wp-json\/wp\/v2\/pages\/4973","targetHints":{"allow":["GET"]}}],"collection":[{"href":"https:\/\/www.orglmeister.de\/fr\/wp-json\/wp\/v2\/pages"}],"about":[{"href":"https:\/\/www.orglmeister.de\/fr\/wp-json\/wp\/v2\/types\/page"}],"author":[{"embeddable":true,"href":"https:\/\/www.orglmeister.de\/fr\/wp-json\/wp\/v2\/users\/5"}],"replies":[{"embeddable":true,"href":"https:\/\/www.orglmeister.de\/fr\/wp-json\/wp\/v2\/comments?post=4973"}],"version-history":[{"count":0,"href":"https:\/\/www.orglmeister.de\/fr\/wp-json\/wp\/v2\/pages\/4973\/revisions"}],"wp:attachment":[{"href":"https:\/\/www.orglmeister.de\/fr\/wp-json\/wp\/v2\/media?parent=4973"}],"curies":[{"name":"wp","href":"https:\/\/api.w.org\/{rel}","templated":true}]}}